{"id":1040,"date":"2024-05-22T15:09:26","date_gmt":"2024-05-22T13:09:26","guid":{"rendered":"https:\/\/www.univda.it\/international\/?page_id=1040"},"modified":"2026-03-11T10:32:04","modified_gmt":"2026-03-11T09:32:04","slug":"double-diplome","status":"publish","type":"page","link":"https:\/\/www.univda.it\/international\/double-diplome\/","title":{"rendered":"Double dipl\u00f4me"},"content":{"rendered":"<h3><span data-contrast=\"auto\">Mobilit\u00e9 entrante dans le cadre des programmes de DOUBLE DIPL\u00d4ME<\/span><span data-ccp-props=\"{&quot;201341983&quot;:0,&quot;335551550&quot;:6,&quot;335551620&quot;:6,&quot;335559739&quot;:160,&quot;335559740&quot;:259}\">\u00a0<\/span><\/h3>\n<h3><span data-contrast=\"auto\">Avant votre arriv\u00e9e<\/span><span data-ccp-props=\"{&quot;201341983&quot;:0,&quot;335551550&quot;:6,&quot;335551620&quot;:6,&quot;335559739&quot;:160,&quot;335559740&quot;:259}\">\u00a0<\/span><\/h3>\n<p><span data-contrast=\"auto\">Suivez les indications fournies par votre Universit\u00e9 d\u2019origine pour pr\u00e9senter votre candidature dans le cadre du programme de double-dipl\u00f4me.<\/span><span data-ccp-props=\"{&quot;201341983&quot;:0,&quot;335551550&quot;:6,&quot;335551620&quot;:6,&quot;335559739&quot;:160,&quot;335559740&quot;:259}\">\u00a0<\/span><\/p>\n<p><span data-contrast=\"auto\">N\u2019oubliez pas que vous devez \u00e9galement toujours respecter les proc\u00e9dures de renouvellement de votre inscription dans votre Universit\u00e9.<\/span><span data-ccp-props=\"{&quot;201341983&quot;:0,&quot;335551550&quot;:6,&quot;335551620&quot;:6,&quot;335559739&quot;:160,&quot;335559740&quot;:259}\">\u00a0<\/span><\/p>\n<p><span data-contrast=\"auto\">D\u00e8s que nous recevrons la confirmation de votre nom par votre Universit\u00e9, nous vous contacterons par mail afin de vous fournir tous les renseignements n\u00e9cessaires pour que vous puissiez vous inscrire en ligne sur le portail de l\u2019Universit\u00e9 de la Vall\u00e9e d\u2019Aoste et pour vous puissiez soumettre vos demandes d\u2019admission et d\u2019inscription en ligne.\u00a0 Vous recevrez ensuite des instructions sur la mani\u00e8re de proc\u00e9der au paiement du droit de timbre de 16,00 \u20ac exig\u00e9 par l\u2019\u00c9tat italien pour toute inscription. Gr\u00e2ce \u00e0 l\u2019accord de collaboration entre nos Universit\u00e9s, vous \u00eates totalement exempt\u00e9 du paiement des frais universitaires dans notre Universit\u00e9.<\/span><span data-ccp-props=\"{&quot;201341983&quot;:0,&quot;335551550&quot;:6,&quot;335551620&quot;:6,&quot;335559739&quot;:160,&quot;335559740&quot;:259}\">\u00a0<\/span><\/p>\n<p><span data-contrast=\"auto\">\u00c0 l\u2019issue de la proc\u00e9dure d\u2019inscription, vous recevrez par e-mail vos identifiants personnels (nom d\u2019utilisateur et mot de passe) pour acc\u00e9der aux services en ligne destin\u00e9s aux \u00e9tudiants (secr\u00e9tariat en ligne, r\u00e9servation d\u2019examens, etc.) et \u00e0 votre adresse e-mail institutionnelle o\u00f9 vous recevrez toutes les informations utiles de l\u2019Universit\u00e9.<\/span><span data-ccp-props=\"{&quot;201341983&quot;:0,&quot;335551550&quot;:6,&quot;335551620&quot;:6,&quot;335559739&quot;:160,&quot;335559740&quot;:259}\">\u00a0<\/span><\/p>\n<p><span data-contrast=\"auto\">Des renseignements sur le plan d\u2019\u00e9tudes pr\u00e9vu pour les \u00e9tudiants en double dipl\u00f4me sont disponibles au lien suivant <\/span><a href=\"https:\/\/www.univda.it\/servizi\/mobilita-internazionale\/mobilita-internazionali-per-doppi-diplomi\/\"><span data-contrast=\"none\">Mobilit\u00e0 internazionali per Doppi Diplomi | Universit\u00e0 della Valle d&rsquo;Aosta &#8211; Universit\u00e9 de la Vall\u00e9e d&rsquo;Aoste (univda.it)<\/span><\/a><span data-ccp-props=\"{&quot;201341983&quot;:0,&quot;335551550&quot;:6,&quot;335551620&quot;:6,&quot;335559739&quot;:160,&quot;335559740&quot;:259}\">\u00a0<\/span><\/p>\n<p>Si vous souffrez d\u2019un handicap ou d\u2019un trouble sp\u00e9cifique de l\u2019apprentissage<span data-contrast=\"none\">, consultez la page <a href=\"https:\/\/www.univda.it\/international\/inclusion-et-accessibilite\/#\">Inclusion et accessibilit\u00e9 \u2013 International<\/a> pour obtenir toutes les informations.<\/span><\/p>\n","protected":false},"excerpt":{"rendered":"<p>Mobilit\u00e9 entrante dans le cadre des programmes de DOUBLE DIPL\u00d4ME\u00a0 Avant votre arriv\u00e9e\u00a0 Suivez les indications fournies par votre Universit\u00e9 d\u2019origine pour pr\u00e9senter votre candidature dans le cadre du programme de double-dipl\u00f4me.<\/p>\n","protected":false},"author":693,"featured_media":0,"parent":0,"menu_order":0,"comment_status":"closed","ping_status":"closed","template":"page-64.php","meta":{"_seopress_robots_primary_cat":"","_seopress_titles_title":"","_seopress_titles_desc":"","_seopress_robots_index":"","footnotes":""},"tags":[],"class_list":["post-1040","page","type-page","status-publish","hentry"],"acf":[],"_links":{"self":[{"href":"https:\/\/www.univda.it\/international\/wp-json\/wp\/v2\/pages\/1040","targetHints":{"allow":["GET"]}}],"collection":[{"href":"https:\/\/www.univda.it\/international\/wp-json\/wp\/v2\/pages"}],"about":[{"href":"https:\/\/www.univda.it\/international\/wp-json\/wp\/v2\/types\/page"}],"author":[{"embeddable":true,"href":"https:\/\/www.univda.it\/international\/wp-json\/wp\/v2\/users\/693"}],"replies":[{"embeddable":true,"href":"https:\/\/www.univda.it\/international\/wp-json\/wp\/v2\/comments?post=1040"}],"version-history":[{"count":10,"href":"https:\/\/www.univda.it\/international\/wp-json\/wp\/v2\/pages\/1040\/revisions"}],"predecessor-version":[{"id":1712,"href":"https:\/\/www.univda.it\/international\/wp-json\/wp\/v2\/pages\/1040\/revisions\/1712"}],"wp:attachment":[{"href":"https:\/\/www.univda.it\/international\/wp-json\/wp\/v2\/media?parent=1040"}],"wp:term":[{"taxonomy":"post_tag","embeddable":true,"href":"https:\/\/www.univda.it\/international\/wp-json\/wp\/v2\/tags?post=1040"}],"curies":[{"name":"wp","href":"https:\/\/api.w.org\/{rel}","templated":true}]}}