{"id":1214,"date":"2023-12-19T14:26:40","date_gmt":"2023-12-19T13:26:40","guid":{"rendered":"https:\/\/www.univda.it\/international\/sciences-de-la-formation-primaire\/"},"modified":"2023-12-19T14:26:40","modified_gmt":"2023-12-19T13:26:40","slug":"sciences-de-la-formation-primaire","status":"publish","type":"page","link":"https:\/\/www.univda.it\/international\/sciences-de-la-formation-primaire\/","title":{"rendered":"Sciences de la formation primaire"},"content":{"rendered":"<p>Ce master, qui donne acc\u00e8s \u00e0 la profession d\u2019enseignant du primaire et de la maternelle, propose des connaissances et d\u00e9veloppe des comp\u00e9tences op\u00e9rationnelles dans les domaines suivants : psychop\u00e9dagogique, didactique, disciplinaire, gestionnaire et d\u00e9ontologique. Plus de 500 heures de formation pratique sont pr\u00e9vues. Les cours sont dispens\u00e9s en italien,\u00a0en fran\u00e7ais et en anglais, afin de structurer les comp\u00e9tences linguistiques.<\/p>\n<p>La connaissance du fran\u00e7ais est requise.<\/p>\n","protected":false},"excerpt":{"rendered":"<p>Ce master, qui donne acc\u00e8s \u00e0 la profession d\u2019enseignant du primaire et de la maternelle, propose des connaissances et d\u00e9veloppe des comp\u00e9tences op\u00e9rationnelles dans les domaines suivants : psychop\u00e9dagogique, didactique, disciplinaire, gestionnaire et d\u00e9ontologique.<\/p>\n","protected":false},"author":693,"featured_media":0,"parent":0,"menu_order":0,"comment_status":"closed","ping_status":"closed","template":"page-64.php","meta":{"_seopress_robots_primary_cat":"","_seopress_titles_title":"","_seopress_titles_desc":"","_seopress_robots_index":"","footnotes":""},"tags":[],"class_list":["post-1214","page","type-page","status-publish","hentry"],"acf":[],"_links":{"self":[{"href":"https:\/\/www.univda.it\/international\/wp-json\/wp\/v2\/pages\/1214","targetHints":{"allow":["GET"]}}],"collection":[{"href":"https:\/\/www.univda.it\/international\/wp-json\/wp\/v2\/pages"}],"about":[{"href":"https:\/\/www.univda.it\/international\/wp-json\/wp\/v2\/types\/page"}],"author":[{"embeddable":true,"href":"https:\/\/www.univda.it\/international\/wp-json\/wp\/v2\/users\/693"}],"replies":[{"embeddable":true,"href":"https:\/\/www.univda.it\/international\/wp-json\/wp\/v2\/comments?post=1214"}],"version-history":[{"count":0,"href":"https:\/\/www.univda.it\/international\/wp-json\/wp\/v2\/pages\/1214\/revisions"}],"wp:attachment":[{"href":"https:\/\/www.univda.it\/international\/wp-json\/wp\/v2\/media?parent=1214"}],"wp:term":[{"taxonomy":"post_tag","embeddable":true,"href":"https:\/\/www.univda.it\/international\/wp-json\/wp\/v2\/tags?post=1214"}],"curies":[{"name":"wp","href":"https:\/\/api.w.org\/{rel}","templated":true}]}}