{"id":152,"date":"2023-12-19T14:25:09","date_gmt":"2023-12-19T13:25:09","guid":{"rendered":"https:\/\/www.univda.it\/international\/?page_id=152"},"modified":"2024-06-21T15:50:33","modified_gmt":"2024-06-21T13:50:33","slug":"sciences-politiques-et-relations-internationales","status":"publish","type":"page","link":"https:\/\/www.univda.it\/international\/sciences-politiques-et-relations-internationales\/","title":{"rendered":"Sciences politiques et relations internationales"},"content":{"rendered":"<p>Cette formation fournit les connaissances de base et les comp\u00e9tences m\u00e9thodologiques pour comprendre les transformations sociales, politiques et \u00e9conomiques du monde contemporain. Au terme de ce cursus, les \u00e9tudiants pourront travailler dans le secteur public ou priv\u00e9, y compris dans les organisations internationales, ou poursuivre leurs \u00e9tudes dans diff\u00e9rents domaines (social, \u00e9conomique, politique et juridique). Il est possible d\u2019obtenir un double dipl\u00f4me (italien et fran\u00e7ais ou italien et espagnol) et d\u2019effectuer un stage en troisi\u00e8me ann\u00e9e.<\/p>\n","protected":false},"excerpt":{"rendered":"<p>Cette formation fournit les connaissances de base et les comp\u00e9tences m\u00e9thodologiques pour comprendre les transformations sociales, politiques et \u00e9conomiques du monde contemporain.<\/p>\n","protected":false},"author":693,"featured_media":0,"parent":0,"menu_order":0,"comment_status":"closed","ping_status":"closed","template":"page-64.php","meta":{"_seopress_robots_primary_cat":"","_seopress_titles_title":"","_seopress_titles_desc":"","_seopress_robots_index":"","footnotes":""},"tags":[],"class_list":["post-152","page","type-page","status-publish","hentry"],"acf":[],"_links":{"self":[{"href":"https:\/\/www.univda.it\/international\/wp-json\/wp\/v2\/pages\/152","targetHints":{"allow":["GET"]}}],"collection":[{"href":"https:\/\/www.univda.it\/international\/wp-json\/wp\/v2\/pages"}],"about":[{"href":"https:\/\/www.univda.it\/international\/wp-json\/wp\/v2\/types\/page"}],"author":[{"embeddable":true,"href":"https:\/\/www.univda.it\/international\/wp-json\/wp\/v2\/users\/693"}],"replies":[{"embeddable":true,"href":"https:\/\/www.univda.it\/international\/wp-json\/wp\/v2\/comments?post=152"}],"version-history":[{"count":11,"href":"https:\/\/www.univda.it\/international\/wp-json\/wp\/v2\/pages\/152\/revisions"}],"predecessor-version":[{"id":1292,"href":"https:\/\/www.univda.it\/international\/wp-json\/wp\/v2\/pages\/152\/revisions\/1292"}],"wp:attachment":[{"href":"https:\/\/www.univda.it\/international\/wp-json\/wp\/v2\/media?parent=152"}],"wp:term":[{"taxonomy":"post_tag","embeddable":true,"href":"https:\/\/www.univda.it\/international\/wp-json\/wp\/v2\/tags?post=152"}],"curies":[{"name":"wp","href":"https:\/\/api.w.org\/{rel}","templated":true}]}}