{"id":154,"date":"2023-12-19T14:25:59","date_gmt":"2023-12-19T13:25:59","guid":{"rendered":"https:\/\/www.univda.it\/international\/?page_id=154"},"modified":"2025-04-14T15:16:30","modified_gmt":"2025-04-14T13:16:30","slug":"economie-et-politique-du-territoire-et-de-lentreprise","status":"publish","type":"page","link":"https:\/\/www.univda.it\/international\/economie-et-politique-du-territoire-et-de-lentreprise\/","title":{"rendered":"\u00c9conomie et politique du territoire et de l\u2019entreprise"},"content":{"rendered":"<p>Quatre cursus sont pr\u00e9vus : march\u00e9 et entreprise, d\u00e9veloppement du territoire, international, ainsi qu\u2019\u00e9conomie verte et culture (celui-ci ne s&rsquo;adresse qu&rsquo;aux \u00e9tudiants inscrits en deuxi\u00e8me ann\u00e9e). L\u2019\u00e9tudiant peut structurer un parcours d\u2019\u00e9tudes personnalis\u00e9.<\/p>\n<p>Il est possible d\u2019obtenir un double master italien-fran\u00e7ais et d\u2019effectuer un stage en deuxi\u00e8me ann\u00e9e.<\/p>\n","protected":false},"excerpt":{"rendered":"<p>Quatre cursus sont pr\u00e9vus : march\u00e9 et entreprise, d\u00e9veloppement du territoire, international, ainsi qu\u2019\u00e9conomie verte et culture (celui-ci ne s&rsquo;adresse qu&rsquo;aux \u00e9tudiants inscrits en deuxi\u00e8me ann\u00e9e).<\/p>\n","protected":false},"author":693,"featured_media":0,"parent":0,"menu_order":0,"comment_status":"closed","ping_status":"closed","template":"page-64.php","meta":{"_seopress_robots_primary_cat":"","_seopress_titles_title":"","_seopress_titles_desc":"","_seopress_robots_index":"","footnotes":""},"tags":[],"class_list":["post-154","page","type-page","status-publish","hentry"],"acf":[],"_links":{"self":[{"href":"https:\/\/www.univda.it\/international\/wp-json\/wp\/v2\/pages\/154","targetHints":{"allow":["GET"]}}],"collection":[{"href":"https:\/\/www.univda.it\/international\/wp-json\/wp\/v2\/pages"}],"about":[{"href":"https:\/\/www.univda.it\/international\/wp-json\/wp\/v2\/types\/page"}],"author":[{"embeddable":true,"href":"https:\/\/www.univda.it\/international\/wp-json\/wp\/v2\/users\/693"}],"replies":[{"embeddable":true,"href":"https:\/\/www.univda.it\/international\/wp-json\/wp\/v2\/comments?post=154"}],"version-history":[{"count":15,"href":"https:\/\/www.univda.it\/international\/wp-json\/wp\/v2\/pages\/154\/revisions"}],"predecessor-version":[{"id":1651,"href":"https:\/\/www.univda.it\/international\/wp-json\/wp\/v2\/pages\/154\/revisions\/1651"}],"wp:attachment":[{"href":"https:\/\/www.univda.it\/international\/wp-json\/wp\/v2\/media?parent=154"}],"wp:term":[{"taxonomy":"post_tag","embeddable":true,"href":"https:\/\/www.univda.it\/international\/wp-json\/wp\/v2\/tags?post=154"}],"curies":[{"name":"wp","href":"https:\/\/api.w.org\/{rel}","templated":true}]}}