{"id":1715,"date":"2026-03-12T11:26:14","date_gmt":"2026-03-12T10:26:14","guid":{"rendered":"https:\/\/www.univda.it\/international\/?page_id=1715"},"modified":"2026-04-10T13:57:39","modified_gmt":"2026-04-10T11:57:39","slug":"mobilite","status":"publish","type":"page","link":"https:\/\/www.univda.it\/international\/mobilite\/","title":{"rendered":"Mobilit\u00e9"},"content":{"rendered":"<h3><span style=\"color: #009d6d;\">Avant votre arriv\u00e9e<\/span><\/h3>\n<p>Si vous souhaitez \u00e9tudier \u00e0 l\u2019Universit\u00e9 de la Vall\u00e9e d\u2019Aoste, veuillez v\u00e9rifier s\u2019il existe un accord bilat\u00e9ral avec votre Universit\u00e9.<\/p>\n<p>Apr\u00e8s la notification de votre candidature par votre universit\u00e9, vous recevrez un courriel de la part de notre Bureau Mobilit\u00e9, Orientation et Insertion professionnelle (<a href=\"mailto:mobilita@univda.it\">mobilita@univda.it<\/a>) contenant tous les renseignements n\u00e9cessaires.<\/p>\n<p>Pour remplir votre programme d\u2019\u00e9tudes\/Learning Agreement\u00a0et pour toute information sur les contenus des cursus, veuillez consulter le catalogue des cours propos\u00e9s et le professeur de contact \u00e0 la page suivante\u00a0\u2192\u00a0<a href=\"https:\/\/www.univda.it\/servizi\/mobilita-internazionale\/mobilita-erasmus\/mobilita-studio-in-ingresso\/prima-dellarrivo-in-italia\/\">Prima dell\u2019arrivo in Italia | Universit\u00e0 della Valle d\u2019Aosta \u2013 Universit\u00e9 de la Vall\u00e9e d\u2019Aoste (univda.it)<\/a><\/p>\n<p>Votre programme d\u2019\u00e9tudes\/Learning Agreement doit \u00eatre indicativement envoy\u00e9 avant<\/p>\n<p>\u2013 le 30 juin en cas de mobilit\u00e9 au premier semestre et annuelle ;<\/p>\n<p>\u2013 le 30 novembre en cas de mobilit\u00e9 au second semestre.<\/p>\n<p>Vous souhaitez am\u00e9liorer votre niveau de connaissance de l\u2019italien ? Signalez-le \u00e0 l\u2019adresse\u00a0<a href=\"mailto:mobilita@univda.it\">mobilita@univda.it<\/a>\u00a0! Un cours de base gratuit de 30 heures est pr\u00e9vu au d\u00e9but de chaque semestre. Si le cours est confirm\u00e9, un calendrier des le\u00e7ons vous sera envoy\u00e9 par e-mail.<\/p>\n<p>Nous vous fournirons par mail des indications pour proc\u00e9der \u00e0 l\u2019enregistrement de vos donn\u00e9es sur le portail de l\u2019Universit\u00e9 de la Vall\u00e9e d\u2019Aoste.<\/p>\n<hr \/>\n<h3><span style=\"color: #009d6d;\">Pendant votre s\u00e9jour<\/span><\/h3>\n<p>Vous recevrez par e-mail vos identifiants personnels (nom d\u2019utilisateur et mot de passe) pour acc\u00e9der aux services en ligne r\u00e9serv\u00e9s aux \u00e9tudiants (secr\u00e9tariat en ligne, r\u00e9servation des examens, etc.) et \u00e0 votre adresse e-mail institutionnelle, o\u00f9 vous recevrez toutes les informations utiles transmises par l\u2019Universit\u00e9. Vous recevrez \u00e9galement des instructions sur la mani\u00e8re de payer le droit de timbre de 16,00 \u20ac exig\u00e9 par l\u2019\u00c9tat italien pour toute inscription.<\/p>\n<p>N\u2019oubliez pas d\u2019apporter\/envoyer au Bureau Mobilit\u00e9, Orientation et Insertion professionnelle le \u00ab\u202fcertificat d\u2019arriv\u00e9e\/de pr\u00e9sence\u00bb d\u00e9livr\u00e9 par votre Universit\u00e9, que nous signerons pour certifier la date de d\u00e9but de votre mobilit\u00e9.<\/p>\n<p>Si vous devez modifier votre programme d\u2019\u00e9tudes\/Learning Agreement, vous pourrez saisir les changements dans la section \u00ab\u202fduring the mobility\u202f\u00bb apr\u00e8s en avoir discut\u00e9 avec le professeur de contact.<\/p>\n<p>Si vous avez commenc\u00e9 votre mobilit\u00e9 au premier semestre et si vous avez l\u2019intention de la prolonger pour toute l\u2019ann\u00e9e, vous pouvez soumettre, au moins 30 jours avant la date pr\u00e9vue pour le terme de votre mobilit\u00e9, une\u00a0demande par e-mail ou sur un formulaire fourni par votre universit\u00e9 qui doit \u00eatre approuv\u00e9e aussi bien par votre \u00e9tablissement que par l\u2019Universit\u00e9 de la Vall\u00e9e d\u2019Aoste.<\/p>\n<hr \/>\n<h3><span style=\"color: #009d6d;\"> Avant votre d\u00e9part<\/span><\/h3>\n<p>Remplissez en ligne le \u00ab\u202fquitus de la biblioth\u00e8que\u202f\u00bb disponible au lien suivant\u00a0<a href=\"https:\/\/www.univda.it\/servizi\/biblioteca\/modulistica-biblioteca\/modulo-di-liberatoria\/\">Modulo di liberatoria | Universit\u00e0 della Valle d\u2019Aosta \u2013 Universit\u00e9 de la Vall\u00e9e d\u2019Aoste (univda.it)<\/a>\u00a0pour certifier que vous n\u2019avez pas de mat\u00e9riel emprunt\u00e9 \u00e0 notre Biblioth\u00e8que.<\/p>\n<p>Contactez-nous par mail pour prendre rendez-vous afin de signer votre \u00ab\u202fcertificat d\u2019arriv\u00e9e\/de d\u00e9part\u00bb, o\u00f9 nous indiquerons la date de fin de votre mobilit\u00e9.<\/p>\n<p>Nous enverrons ensuite \u00e0 votre Universit\u00e9 le relev\u00e9 de notes (Transcript of Records) certifiant les cr\u00e9dits acquis et les notes obtenues au cours de votre mobilit\u00e9 dans notre Universit\u00e9.<\/p>\n","protected":false},"excerpt":{"rendered":"<p>Avant votre arriv\u00e9e Si vous souhaitez \u00e9tudier \u00e0 l\u2019Universit\u00e9 de la Vall\u00e9e d\u2019Aoste, veuillez v\u00e9rifier s\u2019il existe un accord bilat\u00e9ral avec votre Universit\u00e9.<\/p>\n","protected":false},"author":645,"featured_media":0,"parent":0,"menu_order":0,"comment_status":"closed","ping_status":"closed","template":"page-64.php","meta":{"_seopress_robots_primary_cat":"","_seopress_titles_title":"","_seopress_titles_desc":"","_seopress_robots_index":"","footnotes":""},"tags":[],"class_list":["post-1715","page","type-page","status-publish","hentry"],"acf":[],"_links":{"self":[{"href":"https:\/\/www.univda.it\/international\/wp-json\/wp\/v2\/pages\/1715","targetHints":{"allow":["GET"]}}],"collection":[{"href":"https:\/\/www.univda.it\/international\/wp-json\/wp\/v2\/pages"}],"about":[{"href":"https:\/\/www.univda.it\/international\/wp-json\/wp\/v2\/types\/page"}],"author":[{"embeddable":true,"href":"https:\/\/www.univda.it\/international\/wp-json\/wp\/v2\/users\/645"}],"replies":[{"embeddable":true,"href":"https:\/\/www.univda.it\/international\/wp-json\/wp\/v2\/comments?post=1715"}],"version-history":[{"count":10,"href":"https:\/\/www.univda.it\/international\/wp-json\/wp\/v2\/pages\/1715\/revisions"}],"predecessor-version":[{"id":1795,"href":"https:\/\/www.univda.it\/international\/wp-json\/wp\/v2\/pages\/1715\/revisions\/1795"}],"wp:attachment":[{"href":"https:\/\/www.univda.it\/international\/wp-json\/wp\/v2\/media?parent=1715"}],"wp:term":[{"taxonomy":"post_tag","embeddable":true,"href":"https:\/\/www.univda.it\/international\/wp-json\/wp\/v2\/tags?post=1715"}],"curies":[{"name":"wp","href":"https:\/\/api.w.org\/{rel}","templated":true}]}}