{"id":1727,"date":"2026-03-12T11:34:29","date_gmt":"2026-03-12T10:34:29","guid":{"rendered":"https:\/\/www.univda.it\/international\/?page_id=1727"},"modified":"2026-03-12T11:49:14","modified_gmt":"2026-03-12T10:49:14","slug":"avant-votre-depart-2","status":"publish","type":"page","link":"https:\/\/www.univda.it\/international\/avant-votre-depart-2\/","title":{"rendered":"Avant votre d\u00e9part"},"content":{"rendered":"<p>Remplissez en ligne le \u00ab\u202fquitus de la biblioth\u00e8que\u202f\u00bb disponible au lien suivant <a href=\"https:\/\/www.univda.it\/servizi\/biblioteca\/modulistica-biblioteca\/modulo-di-liberatoria\/\">Modulo di liberatoria | Universit\u00e0 della Valle d\u2019Aosta \u2013 Universit\u00e9 de la Vall\u00e9e d\u2019Aoste (univda.it)<\/a> pour certifier que vous n\u2019avez pas de mat\u00e9riel emprunt\u00e9 \u00e0 notre Biblioth\u00e8que.<\/p>\n<p>Contactez-nous par mail pour prendre rendez-vous afin de signer votre \u00ab\u202fcertificat d\u2019arriv\u00e9e\/de d\u00e9part\u00bb, o\u00f9 nous indiquerons la date de fin de votre mobilit\u00e9.<\/p>\n<p>Nous enverrons ensuite \u00e0 votre Universit\u00e9 le relev\u00e9 de notes (Transcript of Records) certifiant les cr\u00e9dits acquis et les notes obtenues au cours de votre mobilit\u00e9 dans notre Universit\u00e9.<\/p>\n","protected":false},"excerpt":{"rendered":"<p>Remplissez en ligne le \u00ab\u202fquitus de la biblioth\u00e8que\u202f\u00bb disponible au lien suivant Modulo di liberatoria | Universit\u00e0 della Valle d\u2019Aosta \u2013 Universit\u00e9 de la Vall\u00e9e d\u2019Aoste (univda.<\/p>\n","protected":false},"author":645,"featured_media":0,"parent":0,"menu_order":0,"comment_status":"closed","ping_status":"closed","template":"page-64.php","meta":{"_seopress_robots_primary_cat":"","_seopress_titles_title":"","_seopress_titles_desc":"","_seopress_robots_index":"","footnotes":""},"tags":[],"class_list":["post-1727","page","type-page","status-publish","hentry"],"acf":[],"_links":{"self":[{"href":"https:\/\/www.univda.it\/international\/wp-json\/wp\/v2\/pages\/1727","targetHints":{"allow":["GET"]}}],"collection":[{"href":"https:\/\/www.univda.it\/international\/wp-json\/wp\/v2\/pages"}],"about":[{"href":"https:\/\/www.univda.it\/international\/wp-json\/wp\/v2\/types\/page"}],"author":[{"embeddable":true,"href":"https:\/\/www.univda.it\/international\/wp-json\/wp\/v2\/users\/645"}],"replies":[{"embeddable":true,"href":"https:\/\/www.univda.it\/international\/wp-json\/wp\/v2\/comments?post=1727"}],"version-history":[{"count":5,"href":"https:\/\/www.univda.it\/international\/wp-json\/wp\/v2\/pages\/1727\/revisions"}],"predecessor-version":[{"id":1735,"href":"https:\/\/www.univda.it\/international\/wp-json\/wp\/v2\/pages\/1727\/revisions\/1735"}],"wp:attachment":[{"href":"https:\/\/www.univda.it\/international\/wp-json\/wp\/v2\/media?parent=1727"}],"wp:term":[{"taxonomy":"post_tag","embeddable":true,"href":"https:\/\/www.univda.it\/international\/wp-json\/wp\/v2\/tags?post=1727"}],"curies":[{"name":"wp","href":"https:\/\/api.w.org\/{rel}","templated":true}]}}