{"id":319,"date":"2023-12-19T14:24:18","date_gmt":"2023-12-19T13:24:18","guid":{"rendered":"https:\/\/www.univda.it\/international\/?page_id=319"},"modified":"2024-05-21T08:21:00","modified_gmt":"2024-05-21T06:21:00","slug":"langues-et-communication-pour-lentreprise-et-le-tourisme","status":"publish","type":"page","link":"https:\/\/www.univda.it\/international\/langues-et-communication-pour-lentreprise-et-le-tourisme\/","title":{"rendered":"Langues et communication pour l\u2019entreprise et le tourisme"},"content":{"rendered":"<p>Trois parcours, deux doubles dipl\u00f4mes, un stage professionnel et de nombreuses possibilit\u00e9s d\u2019\u00e9tudes \u00e0 l\u2019\u00e9tranger font de ce cours une exp\u00e9rience \u00e9ducative gagnante. Trois langues \u00e9trang\u00e8res: le fran\u00e7ais et l\u2019anglais obligatoires, l\u2019allemand ou l\u2019espagnol en option. Le programme est divis\u00e9 en trois parcours diff\u00e9rents : Culture and tourism, qui propose des enseignements en anglais, International Commerce, un double dipl\u00f4me en accord avec l\u2019Universit\u00e9 de Savoie Mont Blanc et International Tourism and Communication, un double dipl\u00f4me avec Avignon Universit\u00e9.<br \/>\nLa formation vise \u00e0 former les protagonistes des milieux professionnels internationaux de l\u2019avenir : en effet, il conjugue un haut niveau de comp\u00e9tences linguistiques et culturelles avec un contenu professionnalisant qualifi\u00e9.<\/p>\n","protected":false},"excerpt":{"rendered":"<p>Trois parcours, deux doubles dipl\u00f4mes, un stage professionnel et de nombreuses possibilit\u00e9s d\u2019\u00e9tudes \u00e0 l\u2019\u00e9tranger font de ce cours une exp\u00e9rience \u00e9ducative gagnante.<\/p>\n","protected":false},"author":693,"featured_media":0,"parent":0,"menu_order":0,"comment_status":"open","ping_status":"closed","template":"page-64.php","meta":{"_seopress_robots_primary_cat":"","_seopress_titles_title":"","_seopress_titles_desc":"","_seopress_robots_index":"","footnotes":""},"tags":[],"class_list":["post-319","page","type-page","status-publish","hentry"],"acf":[],"_links":{"self":[{"href":"https:\/\/www.univda.it\/international\/wp-json\/wp\/v2\/pages\/319","targetHints":{"allow":["GET"]}}],"collection":[{"href":"https:\/\/www.univda.it\/international\/wp-json\/wp\/v2\/pages"}],"about":[{"href":"https:\/\/www.univda.it\/international\/wp-json\/wp\/v2\/types\/page"}],"author":[{"embeddable":true,"href":"https:\/\/www.univda.it\/international\/wp-json\/wp\/v2\/users\/693"}],"replies":[{"embeddable":true,"href":"https:\/\/www.univda.it\/international\/wp-json\/wp\/v2\/comments?post=319"}],"version-history":[{"count":13,"href":"https:\/\/www.univda.it\/international\/wp-json\/wp\/v2\/pages\/319\/revisions"}],"predecessor-version":[{"id":963,"href":"https:\/\/www.univda.it\/international\/wp-json\/wp\/v2\/pages\/319\/revisions\/963"}],"wp:attachment":[{"href":"https:\/\/www.univda.it\/international\/wp-json\/wp\/v2\/media?parent=319"}],"wp:term":[{"taxonomy":"post_tag","embeddable":true,"href":"https:\/\/www.univda.it\/international\/wp-json\/wp\/v2\/tags?post=319"}],"curies":[{"name":"wp","href":"https:\/\/api.w.org\/{rel}","templated":true}]}}