{"id":360,"date":"2023-12-19T14:28:37","date_gmt":"2023-12-19T13:28:37","guid":{"rendered":"https:\/\/www.univda.it\/international\/sciences-et-techniques-psychologiques\/"},"modified":"2024-05-20T14:45:39","modified_gmt":"2024-05-20T12:45:39","slug":"sciences-et-techniques-psychologiques","status":"publish","type":"page","link":"https:\/\/www.univda.it\/international\/sciences-et-techniques-psychologiques\/","title":{"rendered":"Sciences et techniques psychologiques"},"content":{"rendered":"<p>Il offre une formation de base dans les disciplines psychologiques visant principalement \u00e0 la poursuite des \u00e9tudes dans le domaine de la psychologie. Le cours fournit des connaissances sur les m\u00e9thodes et les outils de la recherche empirique, ainsi que sur la biologie et la physiologie du syst\u00e8me nerveux, la connaissance de la dynamique de l\u2019individu, des groupes, des organisations et des communaut\u00e9s.<br \/>\nLe parcours pr\u00e9voit une formation pratique d\u2019\u00e9valuation (activit\u00e9s requises pour la qualification professionnelle \u00e0 l\u2019issue du master) et des ateliers, dont la participation est obligatoire (75 % des heures pr\u00e9vues).<\/p>\n","protected":false},"excerpt":{"rendered":"<p>Il offre une formation de base dans les disciplines psychologiques visant principalement \u00e0 la poursuite des \u00e9tudes dans le domaine de la psychologie.<\/p>\n","protected":false},"author":693,"featured_media":0,"parent":0,"menu_order":0,"comment_status":"open","ping_status":"closed","template":"page-64.php","meta":{"_seopress_robots_primary_cat":"","_seopress_titles_title":"","_seopress_titles_desc":"","_seopress_robots_index":"","footnotes":""},"tags":[],"class_list":["post-360","page","type-page","status-publish","hentry"],"acf":[],"_links":{"self":[{"href":"https:\/\/www.univda.it\/international\/wp-json\/wp\/v2\/pages\/360","targetHints":{"allow":["GET"]}}],"collection":[{"href":"https:\/\/www.univda.it\/international\/wp-json\/wp\/v2\/pages"}],"about":[{"href":"https:\/\/www.univda.it\/international\/wp-json\/wp\/v2\/types\/page"}],"author":[{"embeddable":true,"href":"https:\/\/www.univda.it\/international\/wp-json\/wp\/v2\/users\/693"}],"replies":[{"embeddable":true,"href":"https:\/\/www.univda.it\/international\/wp-json\/wp\/v2\/comments?post=360"}],"version-history":[{"count":10,"href":"https:\/\/www.univda.it\/international\/wp-json\/wp\/v2\/pages\/360\/revisions"}],"predecessor-version":[{"id":1617,"href":"https:\/\/www.univda.it\/international\/wp-json\/wp\/v2\/pages\/360\/revisions\/1617"}],"wp:attachment":[{"href":"https:\/\/www.univda.it\/international\/wp-json\/wp\/v2\/media?parent=360"}],"wp:term":[{"taxonomy":"post_tag","embeddable":true,"href":"https:\/\/www.univda.it\/international\/wp-json\/wp\/v2\/tags?post=360"}],"curies":[{"name":"wp","href":"https:\/\/api.w.org\/{rel}","templated":true}]}}