{"id":375,"date":"2024-03-29T14:53:45","date_gmt":"2024-03-29T13:53:45","guid":{"rendered":"https:\/\/www.univda.it\/international\/?page_id=375"},"modified":"2025-05-09T09:53:55","modified_gmt":"2025-05-09T07:53:55","slug":"aides","status":"publish","type":"page","link":"https:\/\/www.univda.it\/international\/aides\/","title":{"rendered":"Aides"},"content":{"rendered":"<p><strong>Bourse d\u2019\u00e9tudes, aides financi\u00e8res au logement et tickets-repas<\/strong><\/p>\n<p><u>Explications en vid\u00e9o<\/u><\/p>\n<p>Pour les \u00e9tudiants inscrits \u00e0 l\u2019Universit\u00e9, la <strong>R\u00e9gion Autonome de la Vall\u00e9e d\u2019Aoste<\/strong> fournit les aides financi\u00e8res suivantes\u00a0:<\/p>\n<p><strong>1 &#8211; Bourse d\u2019\u00e9tudes<\/strong><\/p>\n<p><strong>Deux avis pour l\u2019attribution de bourses d\u2019\u00e9tudes <\/strong>sont publi\u00e9s chaque ann\u00e9e.<\/p>\n<p>Le premier est publi\u00e9 en automne\u00a0; l\u2019\u00e9ch\u00e9ance est fix\u00e9e au 31 d\u00e9cembre et les conditions requises concernent le m\u00e9rite et le revenu (plafond ISEE de 23.000 \u20ac).<\/p>\n<p>Le second est publi\u00e9 pendant l\u2019\u00e9t\u00e9\u00a0; en ce qui concerne le m\u00e9rite, les conditions requises sont semblables \u00e0 celles de l\u2019avis automnal\u00a0; pour ce qui est du revenu, le plafond ISEE pr\u00e9vu est de 40.000 \u20ac environ. Si votre demande est accept\u00e9e, vous aurez \u00e9galement droit au <u>remboursement des taxes<\/u>, total pour le premier avis et partiel pour le second.<\/p>\n<p><strong>Suppl\u00e9ment pour la mobilit\u00e9 internationale :<\/strong> si vous poss\u00e9dez les conditions requises pour recevoir une bourse d\u2019\u00e9tudes, vous pouvez \u00e9galement b\u00e9n\u00e9ficier d\u2019un suppl\u00e9ment financier mensuel, pour une dur\u00e9e de dix mois au maximum, afin de participer \u00e0 des programmes de mobilit\u00e9 internationale (voir art. 10 des deux avis pour l\u2019attribution des bourses d\u2019\u00e9tudes mentionn\u00e9s ci-dessus).<\/p>\n<p><strong>2 &#8211; Aides financi\u00e8res au logement\u00a0<\/strong><\/p>\n<p>Si vous \u00eates inscrit \u00e0 l\u2019Universit\u00e9 de la Vall\u00e9e d\u2019Aoste, vous pouvez acc\u00e9der aux aides financi\u00e8res au logement, qui sont cumulables avec la bourse d\u2019\u00e9tudes, la bourse de dipl\u00f4me universitaire et le suppl\u00e9ment de mobilit\u00e9 internationale. <strong>Deux avis<\/strong> sont publi\u00e9s chaque ann\u00e9e, avec des conditions concernant le m\u00e9rite et le revenu semblables \u00e0 celles qui sont requises pour la bourse d\u2019\u00e9tude.<\/p>\n<p><strong>3 &#8211; Tickets-repas<\/strong><\/p>\n<p>Si vous \u00eates inscrit \u00e0 l\u2019Universit\u00e9 de la Vall\u00e9e d\u2019Aoste, vous pouvez acc\u00e9der aux <u>services de cantine de la R\u00e9gion \u00e0 des tarifs avantageux<\/u>.<\/p>\n<p>Pour de plus amples informations, veuillez contacter le Bureau des Bourses d\u2019\u00e9tudes de l\u2019Assessorat de l\u2019Education, de l\u2019Universit\u00e9, des Politiques de la jeunesse, des Affaires europ\u00e9ennes et des Soci\u00e9t\u00e9s \u00e0 participation r\u00e9gionale &#8211; Structure des Politiques \u00e9ducatives.<\/p>\n<p>ATTENTION : L\u2019\u00e9valuation de la condition financi\u00e8re <strong>des \u00e9tudiants internationaux ne r\u00e9sidant pas en Italie <\/strong>est d\u00e9finie par l\u2019indicateur de la situation financi\u00e8re \u00e9quivalente \u00e0 l\u2019\u00e9tranger, calcul\u00e9 comme la somme des revenus per\u00e7us \u00e0 l\u2019\u00e9tranger et de 20 % des biens poss\u00e9d\u00e9s \u00e0 l\u2019\u00e9tranger.<\/p>\n","protected":false},"excerpt":{"rendered":"<p>Bourse d\u2019\u00e9tudes, aides financi\u00e8res au logement et tickets-repas Explications en vid\u00e9o Pour les \u00e9tudiants inscrits \u00e0 l\u2019Universit\u00e9, la R\u00e9gion Autonome de la Vall\u00e9e d\u2019Aoste fournit les aides financi\u00e8res suivantes\u00a0: 1 &#8211; Bourse d\u2019\u00e9tudes Deux avis pour l\u2019attribution de bourses d\u2019\u00e9tudes sont publi\u00e9s chaque ann\u00e9e.<\/p>\n","protected":false},"author":693,"featured_media":0,"parent":0,"menu_order":0,"comment_status":"closed","ping_status":"closed","template":"page-64.php","meta":{"_seopress_robots_primary_cat":"","_seopress_titles_title":"","_seopress_titles_desc":"","_seopress_robots_index":"","footnotes":""},"tags":[],"class_list":["post-375","page","type-page","status-publish","hentry"],"acf":[],"_links":{"self":[{"href":"https:\/\/www.univda.it\/international\/wp-json\/wp\/v2\/pages\/375","targetHints":{"allow":["GET"]}}],"collection":[{"href":"https:\/\/www.univda.it\/international\/wp-json\/wp\/v2\/pages"}],"about":[{"href":"https:\/\/www.univda.it\/international\/wp-json\/wp\/v2\/types\/page"}],"author":[{"embeddable":true,"href":"https:\/\/www.univda.it\/international\/wp-json\/wp\/v2\/users\/693"}],"replies":[{"embeddable":true,"href":"https:\/\/www.univda.it\/international\/wp-json\/wp\/v2\/comments?post=375"}],"version-history":[{"count":6,"href":"https:\/\/www.univda.it\/international\/wp-json\/wp\/v2\/pages\/375\/revisions"}],"predecessor-version":[{"id":1668,"href":"https:\/\/www.univda.it\/international\/wp-json\/wp\/v2\/pages\/375\/revisions\/1668"}],"wp:attachment":[{"href":"https:\/\/www.univda.it\/international\/wp-json\/wp\/v2\/media?parent=375"}],"wp:term":[{"taxonomy":"post_tag","embeddable":true,"href":"https:\/\/www.univda.it\/international\/wp-json\/wp\/v2\/tags?post=375"}],"curies":[{"name":"wp","href":"https:\/\/api.w.org\/{rel}","templated":true}]}}