{"id":457,"date":"2024-03-29T15:30:48","date_gmt":"2024-03-29T14:30:48","guid":{"rendered":"https:\/\/www.univda.it\/international\/?page_id=457"},"modified":"2026-04-10T14:13:51","modified_gmt":"2026-04-10T12:13:51","slug":"erasmus","status":"publish","type":"page","link":"https:\/\/www.univda.it\/international\/erasmus\/","title":{"rendered":"Erasmus +"},"content":{"rendered":"<h3><span style=\"color: #009d6d;\" data-contrast=\"auto\">Avant votre arriv\u00e9e<\/span><\/h3>\n<p><span data-contrast=\"auto\">Si vous souhaitez \u00e9tudier \u00e0 l\u2019Universit\u00e9 de la Vall\u00e9e d\u2019Aoste, veuillez v\u00e9rifier s\u2019il existe un accord bilat\u00e9ral avec votre Universit\u00e9.<\/span><\/p>\n<p><span data-contrast=\"auto\">Apr\u00e8s la notification de votre candidature par votre universit\u00e9, vous recevrez un courriel de la part de notre Bureau Mobilit\u00e9, Orientation et Insertion professionnelle (<\/span><a href=\"mailto:mobilita@univda.it\"><span data-contrast=\"none\">mobilita@univda.it<\/span><\/a><span data-contrast=\"auto\">) contenant tous les renseignements n\u00e9cessaires.<\/span><span data-ccp-props=\"{&quot;201341983&quot;:0,&quot;335551550&quot;:6,&quot;335551620&quot;:6,&quot;335559739&quot;:160,&quot;335559740&quot;:259}\">\u00a0<\/span><\/p>\n<p><span data-contrast=\"auto\">Pour remplir votre programme d\u2019\u00e9tudes\/Learning Agreement <\/span><span data-contrast=\"none\">et pour toute information sur les contenus des cursus, veuillez consulter le catalogue des cours propos\u00e9s et le professeur de contact \u00e0 la page suivante<\/span><span data-contrast=\"auto\">\u00a0\u2192 <\/span><a href=\"https:\/\/www.univda.it\/servizi\/mobilita-internazionale\/mobilita-erasmus\/mobilita-studio-in-ingresso\/prima-dellarrivo-in-italia\/\"><span data-contrast=\"none\">Prima dell\u2019arrivo in Italia | Universit\u00e0 della Valle d&rsquo;Aosta &#8211; Universit\u00e9 de la Vall\u00e9e d&rsquo;Aoste (univda.it)<\/span><\/a><span data-ccp-props=\"{&quot;201341983&quot;:0,&quot;335551550&quot;:6,&quot;335551620&quot;:6,&quot;335559739&quot;:160,&quot;335559740&quot;:259}\">\u00a0<\/span><\/p>\n<p><span data-contrast=\"auto\">Votre programme d\u2019\u00e9tudes\/Learning Agreement doit \u00eatre indicativement envoy\u00e9 avant<\/span><span data-ccp-props=\"{&quot;201341983&quot;:0,&quot;335551550&quot;:6,&quot;335551620&quot;:6,&quot;335559739&quot;:160,&quot;335559740&quot;:259}\">\u00a0<\/span><\/p>\n<p><span data-contrast=\"auto\">&#8211; le 30 juin en cas de mobilit\u00e9 au premier semestre et annuelle ;<\/span><span data-ccp-props=\"{&quot;201341983&quot;:0,&quot;335551550&quot;:6,&quot;335551620&quot;:6,&quot;335559739&quot;:160,&quot;335559740&quot;:259}\">\u00a0<\/span><\/p>\n<p><span data-contrast=\"auto\">&#8211; le 30 novembre en cas de mobilit\u00e9 au second semestre.<\/span><span data-ccp-props=\"{&quot;201341983&quot;:0,&quot;335551550&quot;:6,&quot;335551620&quot;:6,&quot;335559739&quot;:160,&quot;335559740&quot;:259}\">\u00a0<\/span><\/p>\n<p><span data-contrast=\"auto\">Vous souhaitez am\u00e9liorer votre niveau de connaissance de l\u2019italien ? Signalez-le \u00e0 l\u2019adresse <\/span><a href=\"mailto:mobilita@univda.it\"><span data-contrast=\"none\">mobilita@univda.it<\/span><\/a><span data-contrast=\"auto\"> ! Un cours de base gratuit de 30 heures est pr\u00e9vu au d\u00e9but de chaque semestre. Si le cours est confirm\u00e9, un calendrier des le\u00e7ons vous sera envoy\u00e9 par e-mail.<\/span><span data-ccp-props=\"{&quot;201341983&quot;:0,&quot;335551550&quot;:6,&quot;335551620&quot;:6,&quot;335559739&quot;:160,&quot;335559740&quot;:259}\">\u00a0<\/span><\/p>\n<p><span data-contrast=\"auto\">Nous vous fournirons par mail des indications pour proc\u00e9der \u00e0 l\u2019enregistrement de vos donn\u00e9es sur le portail de l\u2019Universit\u00e9 de la Vall\u00e9e d\u2019Aoste.<\/span><span data-ccp-props=\"{&quot;201341983&quot;:0,&quot;335551550&quot;:6,&quot;335551620&quot;:6,&quot;335559739&quot;:160,&quot;335559740&quot;:259}\">\u00a0<\/span><\/p>\n<p>Si vous souffrez d\u2019un handicap ou d\u2019un trouble sp\u00e9cifique de l\u2019apprentissage<span data-contrast=\"none\">, consultez la page <a href=\"https:\/\/www.univda.it\/international\/inclusion-et-accessibilite\/#\">Inclusion et accessibilit\u00e9 \u2013 International<\/a> pour obtenir toutes les informations.<\/span><\/p>\n<hr \/>\n<h3><span style=\"color: #009d6d;\" data-contrast=\"auto\">Pendant votre s\u00e9jour<\/span><\/h3>\n<p><span data-contrast=\"auto\">Vous recevrez par e-mail vos identifiants personnels (nom d\u2019utilisateur et mot de passe) pour acc\u00e9der aux services en ligne r\u00e9serv\u00e9s aux \u00e9tudiants (secr\u00e9tariat en ligne, r\u00e9servation des examens, etc.) et \u00e0 votre adresse e-mail institutionnelle, o\u00f9 vous recevrez toutes les informations utiles transmises par l\u2019Universit\u00e9. Vous recevrez \u00e9galement des instructions sur la mani\u00e8re de payer le droit de timbre de 16,00 \u20ac exig\u00e9 par l\u2019\u00c9tat italien pour toute inscription.\u00a0<\/span><span data-ccp-props=\"{&quot;201341983&quot;:0,&quot;335551550&quot;:6,&quot;335551620&quot;:6,&quot;335559739&quot;:160,&quot;335559740&quot;:259}\">\u00a0<\/span><\/p>\n<p><span data-contrast=\"auto\">N\u2019oubliez pas d\u2019apporter\/envoyer au Bureau Mobilit\u00e9, Orientation et Insertion professionnelle le \u00ab\u202fcertificat d\u2019arriv\u00e9e\/de pr\u00e9sence ERASMUS\u202f\u00bb d\u00e9livr\u00e9 par votre Universit\u00e9, que nous signerons pour certifier la date de d\u00e9but de votre mobilit\u00e9.<\/span><span data-ccp-props=\"{&quot;201341983&quot;:0,&quot;335551550&quot;:6,&quot;335551620&quot;:6,&quot;335559739&quot;:160,&quot;335559740&quot;:259}\">\u00a0<\/span><\/p>\n<p><span data-contrast=\"auto\">Si vous devez modifier votre programme d\u2019\u00e9tudes\/Learning Agreement, vous pourrez saisir les changements dans la section \u00ab\u202fduring the mobility\u202f\u00bb apr\u00e8s en avoir discut\u00e9 avec le professeur de contact.<\/span><span data-ccp-props=\"{&quot;201341983&quot;:0,&quot;335551550&quot;:6,&quot;335551620&quot;:6,&quot;335559739&quot;:160,&quot;335559740&quot;:259}\">\u00a0<\/span><\/p>\n<p><span data-contrast=\"auto\">Si vous avez commenc\u00e9 votre mobilit\u00e9 au premier semestre et si vous avez l\u2019intention de la prolonger pour toute l\u2019ann\u00e9e, vous pouvez soumettre, au moins 30 jours avant la date pr\u00e9vue pour le terme de votre mobilit\u00e9, une\u00a0<\/span><a href=\"https:\/\/view.officeapps.live.com\/op\/view.aspx?src=https%3A%2F%2Fwww.univda.it%2Fwp-content%2Fuploads%2F2020%2F05%2FRichiesta_di_prolungamento_periodo_di_.doc&amp;wdOrigin=BROWSELINK\"><span data-contrast=\"none\">demande sp\u00e9ciale<\/span><\/a><span data-contrast=\"auto\">\u00a0qui doit \u00eatre approuv\u00e9e aussi bien par votre \u00e9tablissement que par l\u2019Universit\u00e9 de la Vall\u00e9e d\u2019Aoste.<\/span><span data-ccp-props=\"{&quot;201341983&quot;:0,&quot;335551550&quot;:6,&quot;335551620&quot;:6,&quot;335559739&quot;:160,&quot;335559740&quot;:259}\">\u00a0<\/span><\/p>\n<hr \/>\n<h3><span style=\"color: #009d6d;\" data-contrast=\"auto\">Avant votre d\u00e9part<\/span><\/h3>\n<p><span data-contrast=\"auto\">Remplissez en ligne le \u00ab\u202fquitus de la biblioth\u00e8que\u202f\u00bb disponible au lien suivant\u00a0<\/span><a href=\"https:\/\/www.univda.it\/servizi\/biblioteca\/modulistica-biblioteca\/modulo-di-liberatoria\/\"><span data-contrast=\"none\">Modulo di liberatoria | Universit\u00e0 della Valle d\u2019Aosta \u2013 Universit\u00e9 de la Vall\u00e9e d\u2019Aoste (univda.it)<\/span><\/a>\u00a0<span data-contrast=\"auto\">pour certifier que vous n\u2019avez pas de mat\u00e9riel emprunt\u00e9 \u00e0 notre Biblioth\u00e8que.<\/span>\u00a0<span data-ccp-props=\"{&quot;201341983&quot;:0,&quot;335551550&quot;:6,&quot;335551620&quot;:6,&quot;335559739&quot;:160,&quot;335559740&quot;:259}\">\u00a0<\/span><\/p>\n<p><span data-contrast=\"auto\">Contactez-nous par mail pour prendre rendez-vous afin de signer votre \u00ab\u202fcertificat d\u2019arriv\u00e9e\/de d\u00e9part ERASMUS\u202f\u00bb, o\u00f9 nous indiquerons la date de fin de votre mobilit\u00e9.<\/span><span data-ccp-props=\"{&quot;201341983&quot;:0,&quot;335551550&quot;:6,&quot;335551620&quot;:6,&quot;335559739&quot;:160,&quot;335559740&quot;:259}\">\u00a0<\/span><\/p>\n<p><span data-contrast=\"auto\">Nous enverrons ensuite \u00e0 votre Universit\u00e9 le relev\u00e9 de notes (Transcript of Records) certifiant les cr\u00e9dits acquis et les notes obtenues au cours de votre mobilit\u00e9 dans notre Universit\u00e9.<\/span><\/p>\n","protected":false},"excerpt":{"rendered":"<p>Avant votre arriv\u00e9e Si vous souhaitez \u00e9tudier \u00e0 l\u2019Universit\u00e9 de la Vall\u00e9e d\u2019Aoste, veuillez v\u00e9rifier s\u2019il existe un accord bilat\u00e9ral avec votre Universit\u00e9.<\/p>\n","protected":false},"author":693,"featured_media":0,"parent":0,"menu_order":0,"comment_status":"closed","ping_status":"closed","template":"page-64.php","meta":{"_seopress_robots_primary_cat":"","_seopress_titles_title":"","_seopress_titles_desc":"","_seopress_robots_index":"","footnotes":""},"tags":[],"class_list":["post-457","page","type-page","status-publish","hentry"],"acf":[],"_links":{"self":[{"href":"https:\/\/www.univda.it\/international\/wp-json\/wp\/v2\/pages\/457","targetHints":{"allow":["GET"]}}],"collection":[{"href":"https:\/\/www.univda.it\/international\/wp-json\/wp\/v2\/pages"}],"about":[{"href":"https:\/\/www.univda.it\/international\/wp-json\/wp\/v2\/types\/page"}],"author":[{"embeddable":true,"href":"https:\/\/www.univda.it\/international\/wp-json\/wp\/v2\/users\/693"}],"replies":[{"embeddable":true,"href":"https:\/\/www.univda.it\/international\/wp-json\/wp\/v2\/comments?post=457"}],"version-history":[{"count":20,"href":"https:\/\/www.univda.it\/international\/wp-json\/wp\/v2\/pages\/457\/revisions"}],"predecessor-version":[{"id":1796,"href":"https:\/\/www.univda.it\/international\/wp-json\/wp\/v2\/pages\/457\/revisions\/1796"}],"wp:attachment":[{"href":"https:\/\/www.univda.it\/international\/wp-json\/wp\/v2\/media?parent=457"}],"wp:term":[{"taxonomy":"post_tag","embeddable":true,"href":"https:\/\/www.univda.it\/international\/wp-json\/wp\/v2\/tags?post=457"}],"curies":[{"name":"wp","href":"https:\/\/api.w.org\/{rel}","templated":true}]}}