{"id":617,"date":"2024-04-18T14:50:40","date_gmt":"2024-04-18T12:50:40","guid":{"rendered":"https:\/\/www.univda.it\/international\/?page_id=617"},"modified":"2024-05-02T19:52:08","modified_gmt":"2024-05-02T17:52:08","slug":"credits","status":"publish","type":"page","link":"https:\/\/www.univda.it\/international\/credits\/","title":{"rendered":"Cr\u00e9dits"},"content":{"rendered":"<p>Le site officiel de l&rsquo;Universit\u00e9 de la Vall\u00e9e d&rsquo;Aoste est \u00e9dit\u00e9 par le Bureau de la Communication et le Bureau des Syst\u00e8mes d&rsquo;Information et des Statistiques.<\/p>\n<p>Pour toute suggestion ou proposition et pour communiquer avec le Web Master : <a href=\"mailto:comunicazione@univda.it\">comunicazione@univda.it<\/a><\/p>\n<p>Ing\u00e9nierie Web : <a href=\"https:\/\/www.gebsoftware.com\/\">GEB Software<\/a><\/p>\n<p>Propuls\u00e9 par : WordPress CMS<\/p>\n<p>&nbsp;<\/p>\n","protected":false},"excerpt":{"rendered":"<p>Le site officiel de l&rsquo;Universit\u00e9 de la Vall\u00e9e d&rsquo;Aoste est \u00e9dit\u00e9 par le Bureau de la Communication et le Bureau des Syst\u00e8mes d&rsquo;Information et des Statistiques.<\/p>\n","protected":false},"author":693,"featured_media":0,"parent":0,"menu_order":0,"comment_status":"closed","ping_status":"closed","template":"page-nosidebar.php","meta":{"_seopress_robots_primary_cat":"","_seopress_titles_title":"","_seopress_titles_desc":"","_seopress_robots_index":"","footnotes":""},"tags":[],"class_list":["post-617","page","type-page","status-publish","hentry"],"acf":[],"_links":{"self":[{"href":"https:\/\/www.univda.it\/international\/wp-json\/wp\/v2\/pages\/617","targetHints":{"allow":["GET"]}}],"collection":[{"href":"https:\/\/www.univda.it\/international\/wp-json\/wp\/v2\/pages"}],"about":[{"href":"https:\/\/www.univda.it\/international\/wp-json\/wp\/v2\/types\/page"}],"author":[{"embeddable":true,"href":"https:\/\/www.univda.it\/international\/wp-json\/wp\/v2\/users\/693"}],"replies":[{"embeddable":true,"href":"https:\/\/www.univda.it\/international\/wp-json\/wp\/v2\/comments?post=617"}],"version-history":[{"count":4,"href":"https:\/\/www.univda.it\/international\/wp-json\/wp\/v2\/pages\/617\/revisions"}],"predecessor-version":[{"id":755,"href":"https:\/\/www.univda.it\/international\/wp-json\/wp\/v2\/pages\/617\/revisions\/755"}],"wp:attachment":[{"href":"https:\/\/www.univda.it\/international\/wp-json\/wp\/v2\/media?parent=617"}],"wp:term":[{"taxonomy":"post_tag","embeddable":true,"href":"https:\/\/www.univda.it\/international\/wp-json\/wp\/v2\/tags?post=617"}],"curies":[{"name":"wp","href":"https:\/\/api.w.org\/{rel}","templated":true}]}}