{"id":621,"date":"2024-04-18T14:51:39","date_gmt":"2024-04-18T12:51:39","guid":{"rendered":"https:\/\/www.univda.it\/international\/?page_id=621"},"modified":"2024-05-02T19:43:14","modified_gmt":"2024-05-02T17:43:14","slug":"mentions-legales","status":"publish","type":"page","link":"https:\/\/www.univda.it\/international\/mentions-legales\/","title":{"rendered":"Mentions l\u00e9gales"},"content":{"rendered":"<p>Les pr\u00e9sentes mentions l\u00e9gales explicitent, conform\u00e9ment aux <a href=\"http:\/\/www.funzionepubblica.gov.it\/lazione-del-ministro\/linee-guida-siti-web-pa\/indice\/indice-dettagliato-linee-guida.aspx\">Orientations g\u00e9n\u00e9rales pour les sites Web de 2011<\/a> du Minist\u00e8re de la Fonction publique et de la simplification, les caract\u00e9ristiques g\u00e9n\u00e9rales des contenus du site de l&rsquo;Universit\u00e9 de la Vall\u00e9e d&rsquo;Aoste, les modalit\u00e9s qui en assurent la bonne utilisation, les responsabilit\u00e9s qui en d\u00e9coulent et les r\u00e8gles d&rsquo;utilisation des documents t\u00e9l\u00e9chargeables.<\/p>\n<p>&nbsp;<\/p>\n<p><strong>Droits de propri\u00e9t\u00e9 intellectuelle <\/strong><\/p>\n<p>Les contenus, la pr\u00e9sentation graphique et les documents publi\u00e9s sur le site Web sont prot\u00e9g\u00e9s par le droit d&rsquo;auteur dans chaque partie. Ils sont la propri\u00e9t\u00e9 de l&rsquo;Universit\u00e9 de la Vall\u00e9e d&rsquo;Aoste.<\/p>\n<p>&nbsp;<\/p>\n<p><strong>Utilisation du site<\/strong><\/p>\n<p>L&rsquo;utilisation des contenus du site n&rsquo;est autoris\u00e9e qu&rsquo;\u00e0 des fins non commerciales, autrement dit pour des finalit\u00e9s li\u00e9es aux activit\u00e9s institutionnelles d&rsquo;enseignement et de recherche. Toute autre utilisation non express\u00e9ment autoris\u00e9e par \u00e9crit par l&rsquo;Universit\u00e9 de la Vall\u00e9e d&rsquo;Aoste est strictement interdite et peut faire l&rsquo;objet d&rsquo;une poursuite judiciaire. Sont notamment interdits la publication des contenus en dehors de l&rsquo;Universit\u00e9, leur cession \u00e0 des tiers par courrier \u00e9lectronique, la reproduction, la traduction et la sauvegarde des contenus du portail.<\/p>\n<p>&nbsp;<\/p>\n<p><strong>Acc\u00e8s \u00e0 des sites externes<\/strong><\/p>\n<p>L&rsquo;Universit\u00e9 de la Vall\u00e9e d&rsquo;Aoste d\u00e9cline toute responsabilit\u00e9 en ce qui concerne les contenus, les services et les logiciels pr\u00e9sents dans les sites Internet externes reli\u00e9s \u00e0 son site. En effet, l&rsquo;Universit\u00e9 n&rsquo;exerce aucun contr\u00f4le. Les r\u00e9dacteurs ou les responsables des pages sont seuls responsables des contenus, de la qualit\u00e9, de l&rsquo;exaustivit\u00e9 et de l&rsquo;utilisation des sites externes.<\/p>\n<p>&nbsp;<\/p>\n<p><strong>T\u00e9l\u00e9chargement<\/strong><\/p>\n<p>Les documents, les objets, les logiciels t\u00e9l\u00e9chargeables dans ce site sont prot\u00e9g\u00e9s par la loi sur le droit d&rsquo;auteur. L&rsquo;Universit\u00e9 invite donc les utilisateurs \u00e0 v\u00e9rifier pr\u00e9alablement les conditions d&rsquo;utilisation et les droits qui y sont attach\u00e9s ainsi que la qualit\u00e9, la s\u00e9curit\u00e9 et la compatibilit\u00e9 avec les syst\u00e8mes d&rsquo;exploitation utilis\u00e9s. Le t\u00e9l\u00e9chargement n&rsquo;est autoris\u00e9 que pour des fins personnelles et non commerciales.<\/p>\n","protected":false},"excerpt":{"rendered":"<p>Les pr\u00e9sentes mentions l\u00e9gales explicitent, conform\u00e9ment aux Orientations g\u00e9n\u00e9rales pour les sites Web de 2011 du Minist\u00e8re de la Fonction publique et de la simplification, les caract\u00e9ristiques g\u00e9n\u00e9rales des contenus du site de l&rsquo;Universit\u00e9 de la Vall\u00e9e d&rsquo;Aoste, les modalit\u00e9s qui en assurent la bonne utilisation, les responsabilit\u00e9s qui en d\u00e9coulent et les r\u00e8gles d&rsquo;utilisation des documents t\u00e9l\u00e9chargeables.<\/p>\n","protected":false},"author":693,"featured_media":0,"parent":0,"menu_order":0,"comment_status":"closed","ping_status":"closed","template":"page-nosidebar.php","meta":{"_seopress_robots_primary_cat":"","_seopress_titles_title":"","_seopress_titles_desc":"","_seopress_robots_index":"","footnotes":""},"tags":[],"class_list":["post-621","page","type-page","status-publish","hentry"],"acf":[],"_links":{"self":[{"href":"https:\/\/www.univda.it\/international\/wp-json\/wp\/v2\/pages\/621","targetHints":{"allow":["GET"]}}],"collection":[{"href":"https:\/\/www.univda.it\/international\/wp-json\/wp\/v2\/pages"}],"about":[{"href":"https:\/\/www.univda.it\/international\/wp-json\/wp\/v2\/types\/page"}],"author":[{"embeddable":true,"href":"https:\/\/www.univda.it\/international\/wp-json\/wp\/v2\/users\/693"}],"replies":[{"embeddable":true,"href":"https:\/\/www.univda.it\/international\/wp-json\/wp\/v2\/comments?post=621"}],"version-history":[{"count":2,"href":"https:\/\/www.univda.it\/international\/wp-json\/wp\/v2\/pages\/621\/revisions"}],"predecessor-version":[{"id":754,"href":"https:\/\/www.univda.it\/international\/wp-json\/wp\/v2\/pages\/621\/revisions\/754"}],"wp:attachment":[{"href":"https:\/\/www.univda.it\/international\/wp-json\/wp\/v2\/media?parent=621"}],"wp:term":[{"taxonomy":"post_tag","embeddable":true,"href":"https:\/\/www.univda.it\/international\/wp-json\/wp\/v2\/tags?post=621"}],"curies":[{"name":"wp","href":"https:\/\/api.w.org\/{rel}","templated":true}]}}