{"id":629,"date":"2024-04-18T14:53:53","date_gmt":"2024-04-18T12:53:53","guid":{"rendered":"https:\/\/www.univda.it\/international\/?page_id=629"},"modified":"2024-12-18T13:39:43","modified_gmt":"2024-12-18T12:39:43","slug":"contacts","status":"publish","type":"page","link":"https:\/\/www.univda.it\/international\/contacts\/","title":{"rendered":"Contacts"},"content":{"rendered":"<p>Chemin des Capucins, 2A &#8211; 11100 AOSTE<\/p>\n<p>T\u00e9l : 01651875200 | Fax : 01651875203<\/p>\n<p>Courriel : <a href=\"mailto:info@univda.it\">info@univda.it<\/a><\/p>\n<p>Courrier du d\u00e9l\u00e9gu\u00e9 \u00e0 la protection des donn\u00e9es : <a href=\"mailto:rpd@univda.it\">rpd@univda.it<\/a><\/p>\n<p>Courrier certifi\u00e9 : <a href=\"mailto:protocollo@pec.univda.it\">protocollo@pec.univda.it<\/a><\/p>\n<p>Num\u00e9ro de TVA 01040890079 et code fiscal 91041130070<\/p>\n<p>Code unique du bureau : UF2EU2<\/p>\n<p>Nom du bureau : Uff_eFatturaPA<\/p>\n<p>Code IPA : uvdau_ao<\/p>\n<p>Pour les demandes et les requ\u00eates n\u00e9cessitant une valeur juridique \u00e9quivalente \u00e0 celle d&rsquo;une lettre recommand\u00e9e avec accus\u00e9 de r\u00e9ception traditionnelle, \u00e9crire \u00e0 l&rsquo;Universit\u00e9 de la Vall\u00e9e d&rsquo;Aoste en utilisant l&rsquo;adresse de courrier \u00e9lectronique certifi\u00e9 (PEC) :<\/p>\n<p>protocollo@pec.univda.it<\/p>\n<p>&nbsp;<\/p>\n<p>&nbsp;<\/p>\n<p>La bo\u00eete PEC de l&rsquo;Universit\u00e9 ne re\u00e7oit que les messages provenant d&rsquo;autres bo\u00eetes aux lettres certifi\u00e9es. Les courriers \u00e9lectroniques envoy\u00e9s \u00e0 partir d&rsquo;adresses non certifi\u00e9es ne seront pas d\u00e9livr\u00e9s ; la validit\u00e9 juridique n&rsquo;est garantie que si les deux courriers \u00e9lectroniques, celui \u00e0 partir duquel le message est envoy\u00e9 et celui dans lequel il est re\u00e7u, sont des bo\u00eetes aux lettres certifi\u00e9es.<\/p>\n<p>Pour demander le parrainage de l&rsquo;Universit\u00e9 de la Vall\u00e9e d&rsquo;Aoste, envoyez un e-mail \u00e0 comunicazione@univda.it<\/p>\n<p>Si vous avez besoin de contacter la r\u00e9daction du site web de l&rsquo;Universit\u00e9, envoyez un e-mail \u00e0 <a href=\"mailto:comunicazione@univda.it\">comunicazione@univda.it<\/a><\/p>\n<p>Si vous avez des probl\u00e8mes pour visualiser les examens dans le livret en ligne, ou pour r\u00e9server\/afficher les dates d&rsquo;examen, \u00e9crivez \u00e0 <a href=\"mailto:segreteriaonline@univda.it\">segreteriaonline@univda.it<\/a><\/p>\n<p>Pour communiquer avec le d\u00e9l\u00e9gu\u00e9 \u00e0 la protection des donn\u00e9es, envoyez un courriel \u00e0 <a href=\"mailto:rpd@univda.it\">rpd@univda.it<\/a><\/p>\n","protected":false},"excerpt":{"rendered":"<p>Chemin des Capucins, 2A &#8211; 11100 AOSTE T\u00e9l : 01651875200 | Fax : 01651875203 Courriel : info@univda.<\/p>\n","protected":false},"author":693,"featured_media":0,"parent":0,"menu_order":0,"comment_status":"closed","ping_status":"closed","template":"page-64.php","meta":{"_seopress_robots_primary_cat":"","_seopress_titles_title":"","_seopress_titles_desc":"","_seopress_robots_index":"","footnotes":""},"tags":[],"class_list":["post-629","page","type-page","status-publish","hentry"],"acf":[],"_links":{"self":[{"href":"https:\/\/www.univda.it\/international\/wp-json\/wp\/v2\/pages\/629","targetHints":{"allow":["GET"]}}],"collection":[{"href":"https:\/\/www.univda.it\/international\/wp-json\/wp\/v2\/pages"}],"about":[{"href":"https:\/\/www.univda.it\/international\/wp-json\/wp\/v2\/types\/page"}],"author":[{"embeddable":true,"href":"https:\/\/www.univda.it\/international\/wp-json\/wp\/v2\/users\/693"}],"replies":[{"embeddable":true,"href":"https:\/\/www.univda.it\/international\/wp-json\/wp\/v2\/comments?post=629"}],"version-history":[{"count":18,"href":"https:\/\/www.univda.it\/international\/wp-json\/wp\/v2\/pages\/629\/revisions"}],"predecessor-version":[{"id":1585,"href":"https:\/\/www.univda.it\/international\/wp-json\/wp\/v2\/pages\/629\/revisions\/1585"}],"wp:attachment":[{"href":"https:\/\/www.univda.it\/international\/wp-json\/wp\/v2\/media?parent=629"}],"wp:term":[{"taxonomy":"post_tag","embeddable":true,"href":"https:\/\/www.univda.it\/international\/wp-json\/wp\/v2\/tags?post=629"}],"curies":[{"name":"wp","href":"https:\/\/api.w.org\/{rel}","templated":true}]}}