{"id":91,"date":"2024-02-28T12:18:59","date_gmt":"2024-02-28T11:18:59","guid":{"rendered":"https:\/\/www.univda.it\/woa2024\/?page_id=91"},"modified":"2024-07-22T20:03:22","modified_gmt":"2024-07-22T18:03:22","slug":"committee","status":"publish","type":"page","link":"https:\/\/www.univda.it\/woa2024\/committee\/","title":{"rendered":"Committee"},"content":{"rendered":"\t\t<div data-elementor-type=\"wp-post\" data-elementor-id=\"91\" class=\"elementor elementor-91\">\n\t\t\t\t\t\t<section class=\"elementor-section elementor-top-section elementor-element elementor-element-8a0c31d elementor-section-boxed elementor-section-height-default elementor-section-height-default\" data-id=\"8a0c31d\" data-element_type=\"section\" data-e-type=\"section\">\n\t\t\t\t\t\t<div class=\"elementor-container elementor-column-gap-default\">\n\t\t\t\t\t<div class=\"elementor-column elementor-col-100 elementor-top-column elementor-element elementor-element-1722a93\" data-id=\"1722a93\" data-element_type=\"column\" data-e-type=\"column\">\n\t\t\t<div class=\"elementor-widget-wrap elementor-element-populated\">\n\t\t\t\t\t\t<div class=\"elementor-element elementor-element-21b7fd0 elementor-widget elementor-widget-heading\" data-id=\"21b7fd0\" data-element_type=\"widget\" data-e-type=\"widget\" data-widget_type=\"heading.default\">\n\t\t\t\t<div class=\"elementor-widget-container\">\n\t\t\t\t\t<h1 class=\"elementor-heading-title elementor-size-default\">Committee<\/h1>\t\t\t\t<\/div>\n\t\t\t\t<\/div>\n\t\t\t\t\t<\/div>\n\t\t<\/div>\n\t\t\t\t\t<\/div>\n\t\t<\/section>\n\t\t\t\t<section class=\"elementor-section elementor-top-section elementor-element elementor-element-39acb97 elementor-section-boxed elementor-section-height-default elementor-section-height-default\" data-id=\"39acb97\" data-element_type=\"section\" data-e-type=\"section\">\n\t\t\t\t\t\t<div class=\"elementor-container elementor-column-gap-default\">\n\t\t\t\t\t<div class=\"elementor-column elementor-col-100 elementor-top-column elementor-element elementor-element-6d40c6e\" data-id=\"6d40c6e\" data-element_type=\"column\" data-e-type=\"column\">\n\t\t\t<div class=\"elementor-widget-wrap elementor-element-populated\">\n\t\t\t\t\t\t<div class=\"elementor-element elementor-element-1000b07 elementor-widget elementor-widget-heading\" data-id=\"1000b07\" data-element_type=\"widget\" data-e-type=\"widget\" data-widget_type=\"heading.default\">\n\t\t\t\t<div class=\"elementor-widget-container\">\n\t\t\t\t\t<h3 class=\"elementor-heading-title elementor-size-default\">Organizing Committee<\/h3>\t\t\t\t<\/div>\n\t\t\t\t<\/div>\n\t\t\t\t\t<\/div>\n\t\t<\/div>\n\t\t\t\t\t<\/div>\n\t\t<\/section>\n\t\t\t\t<section class=\"elementor-section elementor-top-section elementor-element elementor-element-96c252d elementor-section-height-min-height elementor-section-items-top elementor-section-content-top elementor-section-boxed elementor-section-height-default\" data-id=\"96c252d\" data-element_type=\"section\" data-e-type=\"section\">\n\t\t\t\t\t\t<div class=\"elementor-container elementor-column-gap-default\">\n\t\t\t\t\t<div class=\"elementor-column elementor-col-100 elementor-top-column elementor-element elementor-element-97cfc02\" data-id=\"97cfc02\" data-element_type=\"column\" data-e-type=\"column\">\n\t\t\t<div class=\"elementor-widget-wrap elementor-element-populated\">\n\t\t\t\t\t\t<div class=\"elementor-element elementor-element-9c0c3a8 elementor-widget elementor-widget-text-editor\" data-id=\"9c0c3a8\" data-element_type=\"widget\" data-e-type=\"widget\" data-widget_type=\"text-editor.default\">\n\t\t\t\t<div class=\"elementor-widget-container\">\n\t\t\t\t\t\t\t\t\t<p><strong>General Chair<\/strong><br \/><a href=\"http:\/\/www.di.unito.it\/~baldoni\/\">Matteo Baldoni<\/a>, Universit\u00e0 degli Studi di Torino<\/p><p><strong>Program Chairs<\/strong><br \/><a href=\"http:\/\/www.di.unito.it\/~baroglio\/\">Cristina Baroglio<\/a>, Universit\u00e0 degli Studi di Torino<br \/><a href=\"http:\/\/www.di.unito.it\/~micalizi\/\">Roberto Micalizio<\/a>, Universit\u00e0 degli Studi di Torino<\/p><p><strong>Local Chairs<\/strong><br \/><a href=\"https:\/\/www.univda.it\/docenti\/alderighi-marco\/\">Marco Alderighi<\/a>, Universit\u00e0 della Valle d&#8217;Aosta &#8211; Universit\u00e9 de la Vall\u00e9e d&#8217;Aoste<br \/><a href=\"https:\/\/www.univda.it\/docenti\/tedeschi-stefano\/\">Stefano Tedeschi<\/a>, Universit\u00e0 della Valle d&#8217;Aosta &#8211; Universit\u00e9 de la Vall\u00e9e d&#8217;Aoste<\/p>\t\t\t\t\t\t\t\t<\/div>\n\t\t\t\t<\/div>\n\t\t\t\t\t<\/div>\n\t\t<\/div>\n\t\t\t\t\t<\/div>\n\t\t<\/section>\n\t\t\t\t<section class=\"elementor-section elementor-top-section elementor-element elementor-element-89b6c24 elementor-section-boxed elementor-section-height-default elementor-section-height-default\" data-id=\"89b6c24\" data-element_type=\"section\" data-e-type=\"section\">\n\t\t\t\t\t\t<div class=\"elementor-container elementor-column-gap-default\">\n\t\t\t\t\t<div class=\"elementor-column elementor-col-100 elementor-top-column elementor-element elementor-element-6902b14\" data-id=\"6902b14\" data-element_type=\"column\" data-e-type=\"column\">\n\t\t\t<div class=\"elementor-widget-wrap elementor-element-populated\">\n\t\t\t\t\t\t<div class=\"elementor-element elementor-element-4e5f735 elementor-widget elementor-widget-heading\" data-id=\"4e5f735\" data-element_type=\"widget\" data-e-type=\"widget\" data-widget_type=\"heading.default\">\n\t\t\t\t<div class=\"elementor-widget-container\">\n\t\t\t\t\t<h3 class=\"elementor-heading-title elementor-size-default\">Program Committee<\/h3>\t\t\t\t<\/div>\n\t\t\t\t<\/div>\n\t\t\t\t<div class=\"elementor-element elementor-element-0418941 elementor-widget elementor-widget-text-editor\" data-id=\"0418941\" data-element_type=\"widget\" data-e-type=\"widget\" data-widget_type=\"text-editor.default\">\n\t\t\t\t<div class=\"elementor-widget-container\">\n\t\t\t\t\t\t\t\t\t<p>Matteo Baldoni, University of Torino<\/p><p>Cristina Baroglio, University of Torino<\/p><p>Daniela Briola, University of Milano Bicocca<\/p><p>Roberta Calegari, Alma Mater Studiorum\u2013Universit\u00e0 di Bologna<\/p><p>Roberto Casadei, University of Bologna<\/p><p>Antonio Chella, Dipartimento di Ingegneria Informatica, Universit\u00e0 di Palermo<\/p><p>Giovanni Ciatto, University of Bologna<\/p><p>Enrico Denti, University of Bologna<\/p><p>Antonio Guerrieri, ICAR-CNR<\/p><p>Carmelo Fabio Longo, National Research Council, Institute of Cognitive Science and Technology, Italy<\/p><p>Elisa Marengo, Faculty of Computer Science, Free University of Bozen-Bolzano<\/p><p>Stefano Mariani, University of Modena and Reggio Emilia<\/p><p>Roberto Micalizio, University of Torino<\/p><p>Sara Montagna, Universit\u00e0 degli Studi di Urbino Carlo Bo<\/p><p>Domenico Rosaci, DIMET Department, University Mediterranea of Reggio Calabria<\/p><p>Luca Sabatucci, ICAR-CNR<\/p><p>Corrado Santoro, University of Catania<\/p><p>Alessandro Sapienza, ISTC-CNR<\/p><p>Giuseppe M.L. Sarne&#8217;, Department of Psychology, University of Milano Bicocca<\/p><p>Claudio Savaglio, Universit\u00e0 della Calabria<\/p><p>Valeria Seidita, Dipartimento di Ingegneria &#8211; Universit\u00e0 degli Studi di Palermo<\/p><p>Stefano Tedeschi, Universit\u00e0 della Valle d&#8217;Aosta &#8211; Universit\u00e9 de la Vall\u00e9e d&#8217;Aoste<\/p>\t\t\t\t\t\t\t\t<\/div>\n\t\t\t\t<\/div>\n\t\t\t\t\t<\/div>\n\t\t<\/div>\n\t\t\t\t\t<\/div>\n\t\t<\/section>\n\t\t\t\t<\/div>\n\t\t","protected":false},"excerpt":{"rendered":"<p>\/*! elementor &#8211; v3.20.0 &#8211; 26-03-2024 *\/ .elementor-heading-title{padding:0;margin:0;line-height:1}.elementor-widget-heading .elementor-heading-title[class*=elementor-size-]&gt;a{color:inherit;font-size:inherit;line-height:inherit}.elementor-widget-heading .elementor-heading-title.elementor-size-small{font-size:15px}.elementor-widget-heading .elementor-heading-title.elementor-size-medium{font-size:19px}.elementor-widget-heading .elementor-heading-title.elementor-size-large{font-size:29px}.elementor-widget-heading .elementor-heading-title.elementor-size-xl{font-size:39px}.elementor-widget-heading .elementor-heading-title.elementor-size-xxl{font-size:59px} Committee Organizing Committee General ChairMatteo Baldoni, Universit\u00e0 degli Studi di Torino Program ChairsCristina Baroglio, Universit\u00e0 degli Studi di TorinoRoberto Micalizio, Universit\u00e0 degli Studi di Torino Local ChairsMarco Alderighi, Universit\u00e0 della Valle d&#8217;Aosta &#8211; Universit\u00e9 de la Vall\u00e9e d&#8217;AosteStefano Tedeschi, Universit\u00e0 della [&hellip;]<\/p>\n","protected":false},"author":757,"featured_media":0,"parent":0,"menu_order":0,"comment_status":"closed","ping_status":"closed","template":"","meta":{"_seopress_robots_primary_cat":"","_seopress_titles_title":"","_seopress_titles_desc":"","_seopress_robots_index":"","footnotes":""},"class_list":["post-91","page","type-page","status-publish","hentry"],"acf":[],"_links":{"self":[{"href":"https:\/\/www.univda.it\/woa2024\/wp-json\/wp\/v2\/pages\/91","targetHints":{"allow":["GET"]}}],"collection":[{"href":"https:\/\/www.univda.it\/woa2024\/wp-json\/wp\/v2\/pages"}],"about":[{"href":"https:\/\/www.univda.it\/woa2024\/wp-json\/wp\/v2\/types\/page"}],"author":[{"embeddable":true,"href":"https:\/\/www.univda.it\/woa2024\/wp-json\/wp\/v2\/users\/757"}],"replies":[{"embeddable":true,"href":"https:\/\/www.univda.it\/woa2024\/wp-json\/wp\/v2\/comments?post=91"}],"version-history":[{"count":20,"href":"https:\/\/www.univda.it\/woa2024\/wp-json\/wp\/v2\/pages\/91\/revisions"}],"predecessor-version":[{"id":631,"href":"https:\/\/www.univda.it\/woa2024\/wp-json\/wp\/v2\/pages\/91\/revisions\/631"}],"wp:attachment":[{"href":"https:\/\/www.univda.it\/woa2024\/wp-json\/wp\/v2\/media?parent=91"}],"curies":[{"name":"wp","href":"https:\/\/api.w.org\/{rel}","templated":true}]}}